{"id":467,"date":"2022-04-20T23:27:33","date_gmt":"2022-04-20T21:27:33","guid":{"rendered":"https:\/\/boisdalice.fr\/?page_id=467"},"modified":"2025-03-10T13:31:37","modified_gmt":"2025-03-10T12:31:37","slug":"accueil","status":"publish","type":"page","link":"https:\/\/boisdalice.fr\/","title":{"rendered":"Accueil"},"content":{"rendered":"\n<p class=\"has-text-align-center\" style=\"font-size:30px\">     <strong>Quelques mots sur moi<\/strong><\/p>\n\n\n\n<p><\/p>\n\n\n\n<div class=\"wp-block-columns is-layout-flex wp-container-core-columns-is-layout-1 wp-block-columns-is-layout-flex\">\n<div class=\"wp-block-column is-vertically-aligned-center is-layout-flow wp-block-column-is-layout-flow\">\n<p class=\"has-text-align-center\" style=\"font-size:25px\">      Apr\u00e8s une formation de cuisinier et vingt ans derri\u00e8re les fourneaux dans plusieurs restaurants ou autres structures culinaires, je d\u00e9cide de prendre un second virage pour me consacrer \u00e0 la passion que j&rsquo;ai depuis mon enfance : <strong>l&rsquo;art du bricolage <\/strong>et plus particuli\u00e8rement celui du <strong>bois<\/strong>.<\/p>\n<\/div>\n<\/div>\n\n\n\n<p><\/p>\n\n\n\n<div class=\"wp-block-columns is-layout-flex wp-container-core-columns-is-layout-3 wp-block-columns-is-layout-flex\">\n<div class=\"wp-block-column has-white-color has-text-color has-link-color has-x-large-font-size wp-elements-90933dcbb4abc2de0bcdef5a9d5d2be5 is-layout-flow wp-block-column-is-layout-flow\" style=\"flex-basis:100%\">\n<div class=\"wp-block-columns is-layout-flex wp-container-core-columns-is-layout-2 wp-block-columns-is-layout-flex\">\n<div class=\"wp-block-column is-vertically-aligned-center is-layout-flow wp-block-column-is-layout-flow\">\n<p class=\"has-text-align-center\" style=\"font-size:25px\">C\u2019est pourquoi aujourd\u2019hui, j&rsquo;exerce en tant que <strong>\u00e9b\u00e9niste d&rsquo;art <\/strong>en devenir, en me sp\u00e9cialisant dans une technique qui n&rsquo;est pas forcement visible dans l\u2019ameublement actuel: <\/p>\n\n\n\n<p class=\"has-text-align-center\" style=\"font-size:25px\"><strong>le cintrage<\/strong>. <\/p>\n<\/div>\n<\/div>\n<\/div>\n<\/div>\n\n\n\n<div class=\"wp-block-columns is-layout-flex wp-container-core-columns-is-layout-4 wp-block-columns-is-layout-flex\">\n<div class=\"wp-block-column is-layout-flow wp-block-column-is-layout-flow\">\n<p class=\"has-text-align-center\" style=\"font-size:25px\">Mon concept est de cr\u00e9er et r\u00e9aliser des pi\u00e8ces <strong>sur mesures <\/strong>et <strong>uniques<\/strong> en collaboration avec le client, donc au plaisir de se retrouver pour \u00e9changer nos id\u00e9es et cr\u00e9er votre <strong>r\u00eave<\/strong>.<\/p>\n<\/div>\n<\/div>\n\n\n\n<div class=\"wp-block-columns is-layout-flex wp-container-core-columns-is-layout-5 wp-block-columns-is-layout-flex\">\n<div class=\"wp-block-column is-vertically-aligned-bottom is-layout-flow wp-block-column-is-layout-flow\">\n<p class=\"has-text-align-center has-white-color has-text-color has-small-font-size\">__________________<\/p>\n\n\n\n<p class=\"has-text-align-center has-white-color has-text-color has-small-font-size\">Les images de ce site sont la propri\u00e9t\u00e9 exclusive de \u00a9 boisdalice.fr<\/p>\n\n\n\n<p class=\"has-text-align-center has-white-color has-text-color has-small-font-size\">Certaines photos sont issues de la banques d&rsquo;images PEXEL.<\/p>\n<\/div>\n<\/div>\n","protected":false},"excerpt":{"rendered":"<p>Quelques mots sur moi Apr\u00e8s une formation de cuisinier et vingt ans derri\u00e8re les fourneaux dans plusieurs restaurants ou autres structures culinaires, je d\u00e9cide de prendre un second virage pour me consacrer \u00e0 la passion que j&rsquo;ai depuis mon enfance : l&rsquo;art du bricolage et plus particuli\u00e8rement celui du bois. C\u2019est pourquoi aujourd\u2019hui, j&rsquo;exerce en &hellip; <\/p>\n<p class=\"link-more\"><a href=\"https:\/\/boisdalice.fr\/\" class=\"more-link\">Continuer la lecture<span class=\"screen-reader-text\"> de &laquo;&nbsp;Accueil&nbsp;&raquo;<\/span><\/a><\/p>\n","protected":false},"author":2,"featured_media":1081,"parent":0,"menu_order":0,"comment_status":"closed","ping_status":"closed","template":"","meta":{"_themeisle_gutenberg_block_has_review":false,"_ti_tpc_template_sync":false,"_ti_tpc_template_id":"","footnotes":""},"class_list":["post-467","page","type-page","status-publish","has-post-thumbnail","hentry"],"_links":{"self":[{"href":"https:\/\/boisdalice.fr\/index.php?rest_route=\/wp\/v2\/pages\/467","targetHints":{"allow":["GET"]}}],"collection":[{"href":"https:\/\/boisdalice.fr\/index.php?rest_route=\/wp\/v2\/pages"}],"about":[{"href":"https:\/\/boisdalice.fr\/index.php?rest_route=\/wp\/v2\/types\/page"}],"author":[{"embeddable":true,"href":"https:\/\/boisdalice.fr\/index.php?rest_route=\/wp\/v2\/users\/2"}],"replies":[{"embeddable":true,"href":"https:\/\/boisdalice.fr\/index.php?rest_route=%2Fwp%2Fv2%2Fcomments&post=467"}],"version-history":[{"count":91,"href":"https:\/\/boisdalice.fr\/index.php?rest_route=\/wp\/v2\/pages\/467\/revisions"}],"predecessor-version":[{"id":1327,"href":"https:\/\/boisdalice.fr\/index.php?rest_route=\/wp\/v2\/pages\/467\/revisions\/1327"}],"wp:featuredmedia":[{"embeddable":true,"href":"https:\/\/boisdalice.fr\/index.php?rest_route=\/wp\/v2\/media\/1081"}],"wp:attachment":[{"href":"https:\/\/boisdalice.fr\/index.php?rest_route=%2Fwp%2Fv2%2Fmedia&parent=467"}],"curies":[{"name":"wp","href":"https:\/\/api.w.org\/{rel}","templated":true}]}}